{"id":26,"date":"2023-09-26T11:26:28","date_gmt":"2023-09-26T09:26:28","guid":{"rendered":"https:\/\/simonbucher.at\/dev\/?page_id=26"},"modified":"2023-10-28T14:33:32","modified_gmt":"2023-10-28T12:33:32","slug":"dsgv","status":"publish","type":"page","link":"https:\/\/simonbucher.at\/?page_id=26","title":{"rendered":"DSGV"},"content":{"rendered":"\t\t<div data-elementor-type=\"wp-page\" data-elementor-id=\"26\" class=\"elementor elementor-26\" data-elementor-post-type=\"page\">\n\t\t\t\t<div class=\"elementor-element elementor-element-4dccbd6 e-flex e-con-boxed e-con e-parent\" data-id=\"4dccbd6\" data-element_type=\"container\" data-e-type=\"container\">\n\t\t\t\t\t<div class=\"e-con-inner\">\n\t\t\t\t<div class=\"elementor-element elementor-element-160c668 elementor-widget elementor-widget-heading\" data-id=\"160c668\" data-element_type=\"widget\" data-e-type=\"widget\" data-widget_type=\"heading.default\">\n\t\t\t\t<div class=\"elementor-widget-container\">\n\t\t\t\t\t<h2 class=\"elementor-heading-title elementor-size-default\">Datenschutzerkl\u00e4rung<\/h2>\t\t\t\t<\/div>\n\t\t\t\t<\/div>\n\t\t\t\t<div class=\"elementor-element elementor-element-fb1126b elementor-widget elementor-widget-text-editor\" data-id=\"fb1126b\" data-element_type=\"widget\" data-e-type=\"widget\" data-widget_type=\"text-editor.default\">\n\t\t\t\t<div class=\"elementor-widget-container\">\n\t\t\t\t\t\t\t\t\t<p>In folgender Datenschutzerkl\u00e4rung informieren wir Sie \u00fcber die wichtigsten Aspekte der Datenverarbeitung im Rahmen unserer Webseite. Wir erheben und verarbeiten personenbezogene Daten nur auf Grundlage der gesetzlichen Bestimmungen (Datenschutzgrundverordnung, Telekommunikationsgesetz 2003).<\/p><p>Sobald Sie als Benutzer auf unsere Webseite zugreifen oder diese besuchen wird Ihre IP-Adresse, Beginn sowie Beginn und Ende der Sitzung erfasst. Dies ist technisch bedingt und stellt somit ein berechtigtes Interesse iSv Art 6 Abs 1 lit f DSGVO.<\/p><h5>Kontakt mit uns<\/h5><p>Wenn Sie uns, entweder \u00fcber unser Kontaktformular auf unserer Webseite, oder per Email kontaktieren, dann werden die von Ihnen an uns \u00fcbermittelten Daten zwecks Bearbeitung Ihrer Anfrage oder f\u00fcr den Fall von weiteren Anschlussfragen f\u00fcr sechs Monate bei uns gespeichert. Es erfolgt, ohne Ihre Einwilligung, keine Weitergabe Ihrer \u00fcbermittelten Daten.<\/p><h5>Cookies<\/h5><p>Unsere Website verwendet so genannte Cookies. Dabei handelt es sich um kleine Textdateien, die mit Hilfe des Browsers auf Ihrem Endger\u00e4t abgelegt werden. Sie richten keinen Schaden an. Wir nutzen Cookies dazu, unser Angebot nutzerfreundlich zu gestalten. Einige Cookies bleiben auf Ihrem Endger\u00e4t gespeichert, bis Sie diese l\u00f6schen. Sie erm\u00f6glichen es uns, Ihren Browser beim n\u00e4chsten Besuch wiederzuerkennen. Wenn Sie dies nicht w\u00fcnschen, so k\u00f6nnen Sie Ihren Browser so einrichten, dass er Sie \u00fcber das Setzen von Cookies informiert und Sie dies nur im Einzelfall erlauben. Bei der Deaktivierung von Cookies kann die Funktionalit\u00e4t unserer Website eingeschr\u00e4nkt sein.<\/p><h5>Ihre Rechte als Betroffener<\/h5><p>Sie als Betroffener haben bez\u00fcglich Ihrer Daten, welche bei uns gespeichert sind grunds\u00e4tzlich ein Recht auf:<\/p><ul><li>Auskunft<\/li><li>L\u00f6schung der Daten<\/li><li>Berichtigung der Daten<\/li><li>\u00dcbertragbarkeit der Daten<\/li><li>Wiederruf und Widerspruch zur Datenverarbeitung<\/li><li>Einschr\u00e4nkung<\/li><\/ul><p>\u00a0<\/p><p>Wenn sie vermuten, dass im Zuge der Verarbeitung Ihrer Daten Verst\u00f6\u00dfe gegen das Datenschutzrecht passiert sind, so haben Sie die M\u00f6glichkeit sich bei uns (simon.bucher23@gmail.com) oder der Datenschutzbeh\u00f6rde zu beschweren.<\/p><h5>Sie erreichen uns unter folgenden Kontaktdaten:<\/h5><p><b>Webseitenbetreiber:<\/b> Simon Bucher<br \/><b>Telefonnummer:<\/b> \u202d+43 680 3116214\u202c<br \/><b>Email:<\/b> simon.bucher23@gmail.com<\/p><p>Quelle: <b><a href=\"https:\/\/www.rechtstexte-generator.at\/dsgvo-generator-oesterreich\/\">Datenschutz DSGVO Generator<\/a><\/b> in Kooperation mit <br \/><b><a href=\"https:\/\/www.ortner-rechtsanwalt.at\/rechtsanwalt-eherecht-scheidungsrecht-obsorgerecht\/\">Rechtsanwalt Wien Scheidung<\/a><\/b><\/p>\t\t\t\t\t\t\t\t<\/div>\n\t\t\t\t<\/div>\n\t\t\t\t\t<\/div>\n\t\t\t\t<\/div>\n\t\t<div class=\"elementor-element elementor-element-fe213df e-flex e-con-boxed e-con e-parent\" data-id=\"fe213df\" data-element_type=\"container\" data-e-type=\"container\">\n\t\t\t\t\t<div class=\"e-con-inner\">\n\t\t\t\t<div class=\"elementor-element elementor-element-8dff451 elementor-align-center elementor-widget elementor-widget-global elementor-global-445 elementor-widget-button\" data-id=\"8dff451\" data-element_type=\"widget\" data-e-type=\"widget\" data-widget_type=\"button.default\">\n\t\t\t\t<div class=\"elementor-widget-container\">\n\t\t\t\t\t\t\t\t\t<div class=\"elementor-button-wrapper\">\n\t\t\t\t\t<a class=\"elementor-button elementor-button-link elementor-size-lg elementor-animation-grow\" href=\"https:\/\/simonbucher.at\/\">\n\t\t\t\t\t\t<span class=\"elementor-button-content-wrapper\">\n\t\t\t\t\t\t\t\t\t<span class=\"elementor-button-text\">zur\u00fcck<\/span>\n\t\t\t\t\t<\/span>\n\t\t\t\t\t<\/a>\n\t\t\t\t<\/div>\n\t\t\t\t\t\t\t\t<\/div>\n\t\t\t\t<\/div>\n\t\t\t\t\t<\/div>\n\t\t\t\t<\/div>\n\t\t\t\t<\/div>\n\t\t","protected":false},"excerpt":{"rendered":"<p>Datenschutzerkl\u00e4rung In folgender Datenschutzerkl\u00e4rung informieren wir Sie \u00fcber die wichtigsten Aspekte der Datenverarbeitung im Rahmen unserer Webseite. Wir erheben und verarbeiten personenbezogene Daten nur auf Grundlage der gesetzlichen Bestimmungen (Datenschutzgrundverordnung, Telekommunikationsgesetz 2003). Sobald Sie als Benutzer auf unsere Webseite zugreifen oder diese besuchen wird Ihre IP-Adresse, Beginn sowie Beginn und Ende der Sitzung erfasst. Dies [&hellip;]<\/p>\n","protected":false},"author":1,"featured_media":0,"parent":0,"menu_order":0,"comment_status":"closed","ping_status":"closed","template":"elementor_header_footer","meta":{"footnotes":""},"class_list":["post-26","page","type-page","status-publish","hentry"],"yoast_head":"<!-- This site is optimized with the Yoast SEO plugin v27.5 - https:\/\/yoast.com\/product\/yoast-seo-wordpress\/ -->\n<title>DSGV - simonbucher.at<\/title>\n<meta name=\"robots\" content=\"index, follow, max-snippet:-1, max-image-preview:large, max-video-preview:-1\" \/>\n<link rel=\"canonical\" href=\"https:\/\/simonbucher.at\/?page_id=26\" \/>\n<meta property=\"og:locale\" content=\"de_DE\" \/>\n<meta property=\"og:type\" content=\"article\" \/>\n<meta property=\"og:title\" content=\"DSGV - simonbucher.at\" \/>\n<meta property=\"og:description\" content=\"Datenschutzerkl\u00e4rung In folgender Datenschutzerkl\u00e4rung informieren wir Sie \u00fcber die wichtigsten Aspekte der Datenverarbeitung im Rahmen unserer Webseite. Wir erheben und verarbeiten personenbezogene Daten nur auf Grundlage der gesetzlichen Bestimmungen (Datenschutzgrundverordnung, Telekommunikationsgesetz 2003). Sobald Sie als Benutzer auf unsere Webseite zugreifen oder diese besuchen wird Ihre IP-Adresse, Beginn sowie Beginn und Ende der Sitzung erfasst. Dies [&hellip;]\" \/>\n<meta property=\"og:url\" content=\"https:\/\/simonbucher.at\/?page_id=26\" \/>\n<meta property=\"og:site_name\" content=\"simonbucher.at\" \/>\n<meta property=\"article:modified_time\" content=\"2023-10-28T12:33:32+00:00\" \/>\n<meta name=\"twitter:card\" content=\"summary_large_image\" \/>\n<meta name=\"twitter:label1\" content=\"Gesch\u00e4tzte Lesezeit\" \/>\n\t<meta name=\"twitter:data1\" content=\"2\u00a0Minuten\" \/>\n<script type=\"application\/ld+json\" class=\"yoast-schema-graph\">{\"@context\":\"https:\\\/\\\/schema.org\",\"@graph\":[{\"@type\":\"WebPage\",\"@id\":\"https:\\\/\\\/simonbucher.at\\\/?page_id=26\",\"url\":\"https:\\\/\\\/simonbucher.at\\\/?page_id=26\",\"name\":\"DSGV - simonbucher.at\",\"isPartOf\":{\"@id\":\"https:\\\/\\\/simonbucher.at\\\/#website\"},\"datePublished\":\"2023-09-26T09:26:28+00:00\",\"dateModified\":\"2023-10-28T12:33:32+00:00\",\"breadcrumb\":{\"@id\":\"https:\\\/\\\/simonbucher.at\\\/?page_id=26#breadcrumb\"},\"inLanguage\":\"de\",\"potentialAction\":[{\"@type\":\"ReadAction\",\"target\":[\"https:\\\/\\\/simonbucher.at\\\/?page_id=26\"]}]},{\"@type\":\"BreadcrumbList\",\"@id\":\"https:\\\/\\\/simonbucher.at\\\/?page_id=26#breadcrumb\",\"itemListElement\":[{\"@type\":\"ListItem\",\"position\":1,\"name\":\"Startseite\",\"item\":\"https:\\\/\\\/simonbucher.at\\\/\"},{\"@type\":\"ListItem\",\"position\":2,\"name\":\"DSGV\"}]},{\"@type\":\"WebSite\",\"@id\":\"https:\\\/\\\/simonbucher.at\\\/#website\",\"url\":\"https:\\\/\\\/simonbucher.at\\\/\",\"name\":\"simonbucher.at\",\"description\":\"Auf dem Weg zu neuen Rekorden.\",\"publisher\":{\"@id\":\"https:\\\/\\\/simonbucher.at\\\/#organization\"},\"potentialAction\":[{\"@type\":\"SearchAction\",\"target\":{\"@type\":\"EntryPoint\",\"urlTemplate\":\"https:\\\/\\\/simonbucher.at\\\/?s={search_term_string}\"},\"query-input\":{\"@type\":\"PropertyValueSpecification\",\"valueRequired\":true,\"valueName\":\"search_term_string\"}}],\"inLanguage\":\"de\"},{\"@type\":\"Organization\",\"@id\":\"https:\\\/\\\/simonbucher.at\\\/#organization\",\"name\":\"simonbucher.at\",\"url\":\"https:\\\/\\\/simonbucher.at\\\/\",\"logo\":{\"@type\":\"ImageObject\",\"inLanguage\":\"de\",\"@id\":\"https:\\\/\\\/simonbucher.at\\\/#\\\/schema\\\/logo\\\/image\\\/\",\"url\":\"https:\\\/\\\/simonbucher.at\\\/wp-content\\\/uploads\\\/2023\\\/09\\\/Simon_Logo_w.png\",\"contentUrl\":\"https:\\\/\\\/simonbucher.at\\\/wp-content\\\/uploads\\\/2023\\\/09\\\/Simon_Logo_w.png\",\"width\":970,\"height\":394,\"caption\":\"simonbucher.at\"},\"image\":{\"@id\":\"https:\\\/\\\/simonbucher.at\\\/#\\\/schema\\\/logo\\\/image\\\/\"}}]}<\/script>\n<!-- \/ Yoast SEO plugin. -->","yoast_head_json":{"title":"DSGV - simonbucher.at","robots":{"index":"index","follow":"follow","max-snippet":"max-snippet:-1","max-image-preview":"max-image-preview:large","max-video-preview":"max-video-preview:-1"},"canonical":"https:\/\/simonbucher.at\/?page_id=26","og_locale":"de_DE","og_type":"article","og_title":"DSGV - simonbucher.at","og_description":"Datenschutzerkl\u00e4rung In folgender Datenschutzerkl\u00e4rung informieren wir Sie \u00fcber die wichtigsten Aspekte der Datenverarbeitung im Rahmen unserer Webseite. Wir erheben und verarbeiten personenbezogene Daten nur auf Grundlage der gesetzlichen Bestimmungen (Datenschutzgrundverordnung, Telekommunikationsgesetz 2003). Sobald Sie als Benutzer auf unsere Webseite zugreifen oder diese besuchen wird Ihre IP-Adresse, Beginn sowie Beginn und Ende der Sitzung erfasst. Dies [&hellip;]","og_url":"https:\/\/simonbucher.at\/?page_id=26","og_site_name":"simonbucher.at","article_modified_time":"2023-10-28T12:33:32+00:00","twitter_card":"summary_large_image","twitter_misc":{"Gesch\u00e4tzte Lesezeit":"2\u00a0Minuten"},"schema":{"@context":"https:\/\/schema.org","@graph":[{"@type":"WebPage","@id":"https:\/\/simonbucher.at\/?page_id=26","url":"https:\/\/simonbucher.at\/?page_id=26","name":"DSGV - simonbucher.at","isPartOf":{"@id":"https:\/\/simonbucher.at\/#website"},"datePublished":"2023-09-26T09:26:28+00:00","dateModified":"2023-10-28T12:33:32+00:00","breadcrumb":{"@id":"https:\/\/simonbucher.at\/?page_id=26#breadcrumb"},"inLanguage":"de","potentialAction":[{"@type":"ReadAction","target":["https:\/\/simonbucher.at\/?page_id=26"]}]},{"@type":"BreadcrumbList","@id":"https:\/\/simonbucher.at\/?page_id=26#breadcrumb","itemListElement":[{"@type":"ListItem","position":1,"name":"Startseite","item":"https:\/\/simonbucher.at\/"},{"@type":"ListItem","position":2,"name":"DSGV"}]},{"@type":"WebSite","@id":"https:\/\/simonbucher.at\/#website","url":"https:\/\/simonbucher.at\/","name":"simonbucher.at","description":"Auf dem Weg zu neuen Rekorden.","publisher":{"@id":"https:\/\/simonbucher.at\/#organization"},"potentialAction":[{"@type":"SearchAction","target":{"@type":"EntryPoint","urlTemplate":"https:\/\/simonbucher.at\/?s={search_term_string}"},"query-input":{"@type":"PropertyValueSpecification","valueRequired":true,"valueName":"search_term_string"}}],"inLanguage":"de"},{"@type":"Organization","@id":"https:\/\/simonbucher.at\/#organization","name":"simonbucher.at","url":"https:\/\/simonbucher.at\/","logo":{"@type":"ImageObject","inLanguage":"de","@id":"https:\/\/simonbucher.at\/#\/schema\/logo\/image\/","url":"https:\/\/simonbucher.at\/wp-content\/uploads\/2023\/09\/Simon_Logo_w.png","contentUrl":"https:\/\/simonbucher.at\/wp-content\/uploads\/2023\/09\/Simon_Logo_w.png","width":970,"height":394,"caption":"simonbucher.at"},"image":{"@id":"https:\/\/simonbucher.at\/#\/schema\/logo\/image\/"}}]}},"_links":{"self":[{"href":"https:\/\/simonbucher.at\/index.php?rest_route=\/wp\/v2\/pages\/26","targetHints":{"allow":["GET"]}}],"collection":[{"href":"https:\/\/simonbucher.at\/index.php?rest_route=\/wp\/v2\/pages"}],"about":[{"href":"https:\/\/simonbucher.at\/index.php?rest_route=\/wp\/v2\/types\/page"}],"author":[{"embeddable":true,"href":"https:\/\/simonbucher.at\/index.php?rest_route=\/wp\/v2\/users\/1"}],"replies":[{"embeddable":true,"href":"https:\/\/simonbucher.at\/index.php?rest_route=%2Fwp%2Fv2%2Fcomments&post=26"}],"version-history":[{"count":13,"href":"https:\/\/simonbucher.at\/index.php?rest_route=\/wp\/v2\/pages\/26\/revisions"}],"predecessor-version":[{"id":459,"href":"https:\/\/simonbucher.at\/index.php?rest_route=\/wp\/v2\/pages\/26\/revisions\/459"}],"wp:attachment":[{"href":"https:\/\/simonbucher.at\/index.php?rest_route=%2Fwp%2Fv2%2Fmedia&parent=26"}],"curies":[{"name":"wp","href":"https:\/\/api.w.org\/{rel}","templated":true}]}}